{"id":12335,"date":"2025-01-27T11:53:11","date_gmt":"2025-01-27T16:53:11","guid":{"rendered":"https:\/\/geoflora.co\/nuestros-catalogos\/"},"modified":"2025-09-18T09:05:47","modified_gmt":"2025-09-18T14:05:47","slug":"nuestros-catalogos","status":"publish","type":"page","link":"https:\/\/geoflora.co\/es\/nuestros-catalogos\/","title":{"rendered":"Nuestros Cat\u00e1logos"},"content":{"rendered":"<p>[et_pb_section fb_built=\u00bb1&#8243; _builder_version=\u00bb4.9.0&#8243; _module_preset=\u00bbdefault\u00bb max_width=\u00bb100%\u00bb max_height=\u00bb1000%\u00bb custom_margin=\u00bb||0%||false|false\u00bb custom_padding=\u00bb||0%||false|false\u00bb][et_pb_row admin_label=\u00bbTitle Area\u00bb _builder_version=\u00bb4.9.0&#8243; custom_padding=\u00bb||0px||false|false\u00bb locked=\u00bboff\u00bb][et_pb_column type=\u00bb4_4&#8243; _builder_version=\u00bb3.25&#8243; custom_padding=\u00bb|||\u00bb custom_padding__hover=\u00bb|||\u00bb][et_pb_text admin_label=\u00bbTitle\u00bb _builder_version=\u00bb4.9.0&#8243; text_font=\u00bb||||||||\u00bb header_font=\u00bb||||||||\u00bb header_2_font=\u00bbAlice||||||||\u00bb header_2_text_align=\u00bbcenter\u00bb header_2_font_size=\u00bb42px\u00bb custom_margin=\u00bb||20px|\u00bb animation_style=\u00bbslide\u00bb animation_direction=\u00bbtop\u00bb animation_intensity_slide=\u00bb30%\u00bb animation_starting_opacity=\u00bb100%\u00bb header_2_font_size_tablet=\u00bb\u00bb header_2_font_size_phone=\u00bb30px\u00bb header_2_font_size_last_edited=\u00bbon|phone\u00bb]<\/p>\n<h2>Explora nuestros nuevos cat\u00e1logos digitales<\/h2>\n<p>[\/et_pb_text][et_pb_divider color=\u00bbgcid-d271a952-90f5-4366-b8a6-10b9733f784e\u00bb divider_weight=\u00bb3px\u00bb _builder_version=\u00bb4.9.0&#8243; max_width=\u00bb50px\u00bb module_alignment=\u00bbcenter\u00bb custom_margin=\u00bb||10px|\u00bb animation_style=\u00bbslide\u00bb animation_direction=\u00bbtop\u00bb animation_intensity_slide=\u00bb30%\u00bb animation_starting_opacity=\u00bb100%\u00bb global_colors_info=\u00bb{%22gcid-d271a952-90f5-4366-b8a6-10b9733f784e%22:%91%22color%22%93}\u00bb][\/et_pb_divider][\/et_pb_column][\/et_pb_row][et_pb_row column_structure=\u00bb1_6,1_6,1_6,1_6,1_6,1_6&#8243; use_custom_gutter=\u00bbon\u00bb gutter_width=\u00bb2&#8243; _builder_version=\u00bb4.9.0&#8243; _module_preset=\u00bbdefault\u00bb width=\u00bb90%\u00bb max_width=\u00bb2246%\u00bb max_height=\u00bb100%\u00bb custom_margin=\u00bb||0%||false|false\u00bb custom_padding=\u00bb||10%|0%|false|false\u00bb locked=\u00bboff\u00bb][et_pb_column type=\u00bb1_6&#8243; _builder_version=\u00bb4.9.0&#8243; _module_preset=\u00bbdefault\u00bb custom_padding=\u00bb||0%||false|false\u00bb][et_pb_code _builder_version=\u00bb4.9.0&#8243; _module_preset=\u00bbdefault\u00bb text_orientation=\u00bbcenter\u00bb width=\u00bb100%\u00bb max_width=\u00bb100%\u00bb module_alignment=\u00bbcenter\u00bb custom_margin=\u00bb||||false|false\u00bb box_shadow_style=\u00bbpreset3&#8243;]<div class=\"_df_thumb \" id=\"df_12273\"  _slug=\"carnation-catalogue\" data-title=\"carnation-catalogue\" wpoptions=\"true\" thumb=\"https:\/\/geoflora.co\/wp-content\/uploads\/2025\/09\/COVERS-CATALOGO-Carnation.webp\" thumbtype=\"\" >Carnation Catalogue<\/div><script class=\"df-shortcode-script\" nowprocket type=\"application\/javascript\">window.option_df_12273 = {\"outline\":[],\"viewerType\":\"flipbook\",\"autoEnableOutline\":\"false\",\"autoEnableThumbnail\":\"false\",\"overwritePDFOutline\":\"false\",\"enableDownload\":\"false\",\"direction\":\"1\",\"pageSize\":\"0\",\"source\":\"https:\\\/\\\/geoflora.co\\\/wp-content\\\/uploads\\\/2025\\\/09\\\/CARNATION-CATALOGUE_comp.pdf\",\"wpOptions\":\"true\"}; if(window.DFLIP && window.DFLIP.parseBooks){window.DFLIP.parseBooks();}<\/script>[\/et_pb_code][\/et_pb_column][et_pb_column type=\u00bb1_6&#8243; _builder_version=\u00bb4.9.0&#8243; _module_preset=\u00bbdefault\u00bb][et_pb_code _builder_version=\u00bb4.9.0&#8243; _module_preset=\u00bbdefault\u00bb text_orientation=\u00bbcenter\u00bb link_option_url_new_window=\u00bbon\u00bb box_shadow_style=\u00bbpreset3&#8243;]<div class=\"_df_thumb \" id=\"df_12286\"  _slug=\"spray-carnation-catalogue\" data-title=\"spray-carnation-catalogue\" wpoptions=\"true\" thumb=\"https:\/\/geoflora.co\/wp-content\/uploads\/2025\/09\/COVERS-CATALOGO-Spray-Carnation.webp\" thumbtype=\"\" >Spray Carnation Catalogue<\/div><script class=\"df-shortcode-script\" nowprocket type=\"application\/javascript\">window.option_df_12286 = {\"outline\":[],\"autoEnableOutline\":\"false\",\"autoEnableThumbnail\":\"false\",\"overwritePDFOutline\":\"false\",\"enableDownload\":\"false\",\"direction\":\"1\",\"pageSize\":\"0\",\"source\":\"https:\\\/\\\/geoflora.co\\\/wp-content\\\/uploads\\\/2025\\\/09\\\/SPRAY-CARNATION-CATALOGUE_compressed.pdf\",\"wpOptions\":\"true\"}; if(window.DFLIP && window.DFLIP.parseBooks){window.DFLIP.parseBooks();}<\/script>[\/et_pb_code][\/et_pb_column][et_pb_column type=\u00bb1_6&#8243; _builder_version=\u00bb4.9.0&#8243; _module_preset=\u00bbdefault\u00bb][et_pb_code _builder_version=\u00bb4.9.0&#8243; _module_preset=\u00bbdefault\u00bb text_orientation=\u00bbcenter\u00bb box_shadow_style=\u00bbpreset3&#8243;]<div class=\"_df_thumb \" id=\"df_12297\"  _slug=\"alstroemeria-catalogue\" data-title=\"alstroemeria-catalogue\" wpoptions=\"true\" thumb=\"https:\/\/geoflora.co\/wp-content\/uploads\/2025\/09\/COVERS-CATALOGO-Alstroemeria.webp\" thumbtype=\"\" >Alstroemeria Catalogue<\/div><script class=\"df-shortcode-script\" nowprocket type=\"application\/javascript\">window.option_df_12297 = {\"outline\":[],\"autoEnableOutline\":\"false\",\"autoEnableThumbnail\":\"false\",\"overwritePDFOutline\":\"false\",\"enableDownload\":\"false\",\"direction\":\"1\",\"pageSize\":\"0\",\"source\":\"https:\\\/\\\/geoflora.co\\\/wp-content\\\/uploads\\\/2025\\\/09\\\/ALSTROEMERIA-CATALOGUE_comp.pdf\",\"wpOptions\":\"true\"}; if(window.DFLIP && window.DFLIP.parseBooks){window.DFLIP.parseBooks();}<\/script>[\/et_pb_code][\/et_pb_column][et_pb_column _builder_version=\u00bb4.9.0&#8243; _module_preset=\u00bbdefault\u00bb type=\u00bb1_6&#8243;][et_pb_code _builder_version=\u00bb4.9.0&#8243; _module_preset=\u00bbdefault\u00bb text_orientation=\u00bbcenter\u00bb box_shadow_style=\u00bbpreset3&#8243;]<div class=\"_df_thumb \" id=\"df_12307\"  _slug=\"ranunculus-catalogue\" data-title=\"ranunculus-catalogue\" wpoptions=\"true\" thumb=\"https:\/\/geoflora.co\/wp-content\/uploads\/2025\/09\/COVERS-CATALOGO-Ranunculus.webp\" thumbtype=\"\" >Ranunculus Catalogue<\/div><script class=\"df-shortcode-script\" nowprocket type=\"application\/javascript\">window.option_df_12307 = {\"outline\":[],\"autoEnableOutline\":\"false\",\"autoEnableThumbnail\":\"false\",\"overwritePDFOutline\":\"false\",\"enableDownload\":\"false\",\"direction\":\"1\",\"pageSize\":\"0\",\"source\":\"https:\\\/\\\/geoflora.co\\\/wp-content\\\/uploads\\\/2025\\\/09\\\/RANUNCULUS-CATALOGUE-DE-GEOFLORA_comp.pdf\",\"wpOptions\":\"true\"}; if(window.DFLIP && window.DFLIP.parseBooks){window.DFLIP.parseBooks();}<\/script>[\/et_pb_code][\/et_pb_column][et_pb_column type=\u00bb1_6&#8243; _builder_version=\u00bb4.9.0&#8243; _module_preset=\u00bbdefault\u00bb][et_pb_code _builder_version=\u00bb4.9.0&#8243; _module_preset=\u00bbdefault\u00bb text_orientation=\u00bbcenter\u00bb box_shadow_style=\u00bbpreset3&#8243;]<div class=\"_df_thumb \" id=\"df_12318\"  _slug=\"anemone-catalogue\" data-title=\"anemone-catalogue\" wpoptions=\"true\" thumb=\"https:\/\/geoflora.co\/wp-content\/uploads\/2025\/09\/COVERS-CATALOGO-Anemone.webp\" thumbtype=\"\" >Anemone Catalogue<\/div><script class=\"df-shortcode-script\" nowprocket type=\"application\/javascript\">window.option_df_12318 = {\"outline\":[],\"autoEnableOutline\":\"false\",\"autoEnableThumbnail\":\"false\",\"overwritePDFOutline\":\"false\",\"enableDownload\":\"false\",\"direction\":\"1\",\"pageSize\":\"0\",\"source\":\"https:\\\/\\\/geoflora.co\\\/wp-content\\\/uploads\\\/2025\\\/09\\\/ANEMONE-CATALOGUE_comp.pdf\",\"wpOptions\":\"true\"}; if(window.DFLIP && window.DFLIP.parseBooks){window.DFLIP.parseBooks();}<\/script>[\/et_pb_code][\/et_pb_column][et_pb_column type=\u00bb1_6&#8243; _builder_version=\u00bb4.9.0&#8243; _module_preset=\u00bbdefault\u00bb][et_pb_code _builder_version=\u00bb4.9.0&#8243; _module_preset=\u00bbdefault\u00bb text_orientation=\u00bbcenter\u00bb hover_enabled=\u00bb0&#8243; box_shadow_style=\u00bbpreset3&#8243; sticky_enabled=\u00bb0&#8243;]<div class=\"_df_thumb \" id=\"df_13018\"  _slug=\"poethus-catalogue\" data-title=\"poethus-catalogue\" wpoptions=\"true\" thumb=\"https:\/\/geoflora.co\/wp-content\/uploads\/2025\/09\/COVERS-CATALOGO-Poethus.webp\" thumbtype=\"\" >Poethus Catalogue<\/div><script class=\"df-shortcode-script\" nowprocket type=\"application\/javascript\">window.option_df_13018 = {\"outline\":[],\"autoEnableOutline\":\"false\",\"autoEnableThumbnail\":\"false\",\"overwritePDFOutline\":\"false\",\"direction\":\"1\",\"pageSize\":\"0\",\"source\":\"https:\\\/\\\/geoflora.co\\\/wp-content\\\/uploads\\\/2025\\\/09\\\/POETHUS-CATALOGUE-GEOFLORA-2025-comprimido.pdf\",\"wpOptions\":\"true\"}; if(window.DFLIP && window.DFLIP.parseBooks){window.DFLIP.parseBooks();}<\/script>[\/et_pb_code][\/et_pb_column][\/et_pb_row][\/et_pb_section]<\/p>\n","protected":false},"excerpt":{"rendered":"<p>[et_pb_section fb_built=\u00bb1&#8243; _builder_version=\u00bb4.9.0&#8243; _module_preset=\u00bbdefault\u00bb max_width=\u00bb100%\u00bb max_height=\u00bb1000%\u00bb custom_margin=\u00bb||0%||false|false\u00bb custom_padding=\u00bb||0%||false|false\u00bb][et_pb_row admin_label=\u00bbTitle Area\u00bb _builder_version=\u00bb4.9.0&#8243; custom_padding=\u00bb||0px||false|false\u00bb locked=\u00bboff\u00bb][et_pb_column type=\u00bb4_4&#8243; _builder_version=\u00bb3.25&#8243; custom_padding=\u00bb|||\u00bb custom_padding__hover=\u00bb|||\u00bb][et_pb_text admin_label=\u00bbTitle\u00bb _builder_version=\u00bb4.9.0&#8243; text_font=\u00bb||||||||\u00bb header_font=\u00bb||||||||\u00bb header_2_font=\u00bbAlice||||||||\u00bb header_2_text_align=\u00bbcenter\u00bb header_2_font_size=\u00bb42px\u00bb custom_margin=\u00bb||20px|\u00bb animation_style=\u00bbslide\u00bb animation_direction=\u00bbtop\u00bb animation_intensity_slide=\u00bb30%\u00bb animation_starting_opacity=\u00bb100%\u00bb header_2_font_size_tablet=\u00bb\u00bb header_2_font_size_phone=\u00bb30px\u00bb header_2_font_size_last_edited=\u00bbon|phone\u00bb] Explora nuestros nuevos cat\u00e1logos digitales [\/et_pb_text][et_pb_divider color=\u00bbgcid-d271a952-90f5-4366-b8a6-10b9733f784e\u00bb divider_weight=\u00bb3px\u00bb _builder_version=\u00bb4.9.0&#8243; max_width=\u00bb50px\u00bb module_alignment=\u00bbcenter\u00bb custom_margin=\u00bb||10px|\u00bb animation_style=\u00bbslide\u00bb animation_direction=\u00bbtop\u00bb animation_intensity_slide=\u00bb30%\u00bb animation_starting_opacity=\u00bb100%\u00bb global_colors_info=\u00bb{%22gcid-d271a952-90f5-4366-b8a6-10b9733f784e%22:%91%22color%22%93}\u00bb][\/et_pb_divider][\/et_pb_column][\/et_pb_row][et_pb_row column_structure=\u00bb1_6,1_6,1_6,1_6,1_6,1_6&#8243; use_custom_gutter=\u00bbon\u00bb gutter_width=\u00bb2&#8243; _builder_version=\u00bb4.9.0&#8243; _module_preset=\u00bbdefault\u00bb width=\u00bb90%\u00bb [&hellip;]<\/p>\n","protected":false},"author":6,"featured_media":0,"parent":0,"menu_order":0,"comment_status":"closed","ping_status":"closed","template":"","meta":{"_et_pb_use_builder":"on","_et_pb_old_content":"","_et_gb_content_width":"","footnotes":""},"class_list":["post-12335","page","type-page","status-publish","hentry"],"yoast_head":"<!-- This site is optimized with the Yoast SEO plugin v25.8 - https:\/\/yoast.com\/wordpress\/plugins\/seo\/ -->\n<title>Cat\u00e1logo | Claveles, Clavel en ramillete - Flores Geoflora Colombia<\/title>\n<meta name=\"description\" content=\"Explore nuestra gama de flores frescas para exportaci\u00f3n: claveles est\u00e1ndar, claveles en ramillete, ran\u00fanculos, an\u00e9monas y alstroemerias.\" \/>\n<meta name=\"robots\" content=\"index, follow, max-snippet:-1, max-image-preview:large, max-video-preview:-1\" \/>\n<link rel=\"canonical\" href=\"https:\/\/geoflora.co\/es\/nuestros-catalogos\/\" \/>\n<meta property=\"og:locale\" content=\"es_ES\" \/>\n<meta property=\"og:type\" content=\"article\" \/>\n<meta property=\"og:title\" content=\"Cat\u00e1logo | Claveles, Clavel en ramillete - Flores Geoflora Colombia\" \/>\n<meta property=\"og:description\" content=\"Explore nuestra gama de flores frescas para exportaci\u00f3n: claveles est\u00e1ndar, claveles en ramillete, ran\u00fanculos, an\u00e9monas y alstroemerias.\" \/>\n<meta property=\"og:url\" content=\"https:\/\/geoflora.co\/es\/nuestros-catalogos\/\" \/>\n<meta property=\"og:site_name\" content=\"Geoflora\" \/>\n<meta property=\"article:publisher\" content=\"https:\/\/www.facebook.com\/geofloracolombi\" \/>\n<meta property=\"article:modified_time\" content=\"2025-09-18T14:05:47+00:00\" \/>\n<meta property=\"og:image\" content=\"https:\/\/geoflora.co\/wp-content\/uploads\/2022\/09\/portada-video-geof-nueva.jpg\" \/>\n\t<meta property=\"og:image:width\" content=\"1080\" \/>\n\t<meta property=\"og:image:height\" content=\"610\" \/>\n\t<meta property=\"og:image:type\" content=\"image\/jpeg\" \/>\n<meta name=\"twitter:card\" content=\"summary_large_image\" \/>\n<meta name=\"twitter:label1\" content=\"Tiempo de lectura\" \/>\n\t<meta name=\"twitter:data1\" content=\"2 minutos\" \/>\n<script type=\"application\/ld+json\" class=\"yoast-schema-graph\">{\"@context\":\"https:\/\/schema.org\",\"@graph\":[{\"@type\":\"WebPage\",\"@id\":\"https:\/\/geoflora.co\/es\/nuestros-catalogos\/\",\"url\":\"https:\/\/geoflora.co\/es\/nuestros-catalogos\/\",\"name\":\"Cat\u00e1logo | Claveles, Clavel en ramillete - Flores Geoflora Colombia\",\"isPartOf\":{\"@id\":\"https:\/\/geoflora.co\/#website\"},\"datePublished\":\"2025-01-27T16:53:11+00:00\",\"dateModified\":\"2025-09-18T14:05:47+00:00\",\"description\":\"Explore nuestra gama de flores frescas para exportaci\u00f3n: claveles est\u00e1ndar, claveles en ramillete, ran\u00fanculos, an\u00e9monas y alstroemerias.\",\"breadcrumb\":{\"@id\":\"https:\/\/geoflora.co\/es\/nuestros-catalogos\/#breadcrumb\"},\"inLanguage\":\"es\",\"potentialAction\":[{\"@type\":\"ReadAction\",\"target\":[\"https:\/\/geoflora.co\/es\/nuestros-catalogos\/\"]}]},{\"@type\":\"BreadcrumbList\",\"@id\":\"https:\/\/geoflora.co\/es\/nuestros-catalogos\/#breadcrumb\",\"itemListElement\":[{\"@type\":\"ListItem\",\"position\":1,\"name\":\"Home\",\"item\":\"https:\/\/geoflora.co\/\"},{\"@type\":\"ListItem\",\"position\":2,\"name\":\"Nuestros Cat\u00e1logos\"}]},{\"@type\":\"WebSite\",\"@id\":\"https:\/\/geoflora.co\/#website\",\"url\":\"https:\/\/geoflora.co\/\",\"name\":\"geoflora.co\",\"description\":\"Colombian growers and exporters of cut flowers\",\"publisher\":{\"@id\":\"https:\/\/geoflora.co\/#organization\"},\"alternateName\":\"Geoflora\",\"potentialAction\":[{\"@type\":\"SearchAction\",\"target\":{\"@type\":\"EntryPoint\",\"urlTemplate\":\"https:\/\/geoflora.co\/?s={search_term_string}\"},\"query-input\":{\"@type\":\"PropertyValueSpecification\",\"valueRequired\":true,\"valueName\":\"search_term_string\"}}],\"inLanguage\":\"es\"},{\"@type\":\"Organization\",\"@id\":\"https:\/\/geoflora.co\/#organization\",\"name\":\"Geoflora S.A.S\",\"alternateName\":\"Geoflora\",\"url\":\"https:\/\/geoflora.co\/\",\"logo\":{\"@type\":\"ImageObject\",\"inLanguage\":\"es\",\"@id\":\"https:\/\/geoflora.co\/#\/schema\/logo\/image\/\",\"url\":\"https:\/\/geoflora.co\/wp-content\/uploads\/2025\/06\/LOGO-GEOFLORA-150.png\",\"contentUrl\":\"https:\/\/geoflora.co\/wp-content\/uploads\/2025\/06\/LOGO-GEOFLORA-150.png\",\"width\":151,\"height\":150,\"caption\":\"Geoflora S.A.S\"},\"image\":{\"@id\":\"https:\/\/geoflora.co\/#\/schema\/logo\/image\/\"},\"sameAs\":[\"https:\/\/www.facebook.com\/geofloracolombi\",\"https:\/\/www.instagram.com\/geofloracolombia\/\",\"https:\/\/www.linkedin.com\/company\/geofloracolombia\/\",\"https:\/\/www.youtube.com\/@geoflora4070\"]}]}<\/script>\n<!-- \/ Yoast SEO plugin. -->","yoast_head_json":{"title":"Cat\u00e1logo | Claveles, Clavel en ramillete - Flores Geoflora Colombia","description":"Explore nuestra gama de flores frescas para exportaci\u00f3n: claveles est\u00e1ndar, claveles en ramillete, ran\u00fanculos, an\u00e9monas y alstroemerias.","robots":{"index":"index","follow":"follow","max-snippet":"max-snippet:-1","max-image-preview":"max-image-preview:large","max-video-preview":"max-video-preview:-1"},"canonical":"https:\/\/geoflora.co\/es\/nuestros-catalogos\/","og_locale":"es_ES","og_type":"article","og_title":"Cat\u00e1logo | Claveles, Clavel en ramillete - Flores Geoflora Colombia","og_description":"Explore nuestra gama de flores frescas para exportaci\u00f3n: claveles est\u00e1ndar, claveles en ramillete, ran\u00fanculos, an\u00e9monas y alstroemerias.","og_url":"https:\/\/geoflora.co\/es\/nuestros-catalogos\/","og_site_name":"Geoflora","article_publisher":"https:\/\/www.facebook.com\/geofloracolombi","article_modified_time":"2025-09-18T14:05:47+00:00","og_image":[{"width":1080,"height":610,"url":"https:\/\/geoflora.co\/wp-content\/uploads\/2022\/09\/portada-video-geof-nueva.jpg","type":"image\/jpeg"}],"twitter_card":"summary_large_image","twitter_misc":{"Tiempo de lectura":"2 minutos"},"schema":{"@context":"https:\/\/schema.org","@graph":[{"@type":"WebPage","@id":"https:\/\/geoflora.co\/es\/nuestros-catalogos\/","url":"https:\/\/geoflora.co\/es\/nuestros-catalogos\/","name":"Cat\u00e1logo | Claveles, Clavel en ramillete - Flores Geoflora Colombia","isPartOf":{"@id":"https:\/\/geoflora.co\/#website"},"datePublished":"2025-01-27T16:53:11+00:00","dateModified":"2025-09-18T14:05:47+00:00","description":"Explore nuestra gama de flores frescas para exportaci\u00f3n: claveles est\u00e1ndar, claveles en ramillete, ran\u00fanculos, an\u00e9monas y alstroemerias.","breadcrumb":{"@id":"https:\/\/geoflora.co\/es\/nuestros-catalogos\/#breadcrumb"},"inLanguage":"es","potentialAction":[{"@type":"ReadAction","target":["https:\/\/geoflora.co\/es\/nuestros-catalogos\/"]}]},{"@type":"BreadcrumbList","@id":"https:\/\/geoflora.co\/es\/nuestros-catalogos\/#breadcrumb","itemListElement":[{"@type":"ListItem","position":1,"name":"Home","item":"https:\/\/geoflora.co\/"},{"@type":"ListItem","position":2,"name":"Nuestros Cat\u00e1logos"}]},{"@type":"WebSite","@id":"https:\/\/geoflora.co\/#website","url":"https:\/\/geoflora.co\/","name":"geoflora.co","description":"Colombian growers and exporters of cut flowers","publisher":{"@id":"https:\/\/geoflora.co\/#organization"},"alternateName":"Geoflora","potentialAction":[{"@type":"SearchAction","target":{"@type":"EntryPoint","urlTemplate":"https:\/\/geoflora.co\/?s={search_term_string}"},"query-input":{"@type":"PropertyValueSpecification","valueRequired":true,"valueName":"search_term_string"}}],"inLanguage":"es"},{"@type":"Organization","@id":"https:\/\/geoflora.co\/#organization","name":"Geoflora S.A.S","alternateName":"Geoflora","url":"https:\/\/geoflora.co\/","logo":{"@type":"ImageObject","inLanguage":"es","@id":"https:\/\/geoflora.co\/#\/schema\/logo\/image\/","url":"https:\/\/geoflora.co\/wp-content\/uploads\/2025\/06\/LOGO-GEOFLORA-150.png","contentUrl":"https:\/\/geoflora.co\/wp-content\/uploads\/2025\/06\/LOGO-GEOFLORA-150.png","width":151,"height":150,"caption":"Geoflora S.A.S"},"image":{"@id":"https:\/\/geoflora.co\/#\/schema\/logo\/image\/"},"sameAs":["https:\/\/www.facebook.com\/geofloracolombi","https:\/\/www.instagram.com\/geofloracolombia\/","https:\/\/www.linkedin.com\/company\/geofloracolombia\/","https:\/\/www.youtube.com\/@geoflora4070"]}]}},"_links":{"self":[{"href":"https:\/\/geoflora.co\/es\/wp-json\/wp\/v2\/pages\/12335","targetHints":{"allow":["GET"]}}],"collection":[{"href":"https:\/\/geoflora.co\/es\/wp-json\/wp\/v2\/pages"}],"about":[{"href":"https:\/\/geoflora.co\/es\/wp-json\/wp\/v2\/types\/page"}],"author":[{"embeddable":true,"href":"https:\/\/geoflora.co\/es\/wp-json\/wp\/v2\/users\/6"}],"replies":[{"embeddable":true,"href":"https:\/\/geoflora.co\/es\/wp-json\/wp\/v2\/comments?post=12335"}],"version-history":[{"count":4,"href":"https:\/\/geoflora.co\/es\/wp-json\/wp\/v2\/pages\/12335\/revisions"}],"predecessor-version":[{"id":13669,"href":"https:\/\/geoflora.co\/es\/wp-json\/wp\/v2\/pages\/12335\/revisions\/13669"}],"wp:attachment":[{"href":"https:\/\/geoflora.co\/es\/wp-json\/wp\/v2\/media?parent=12335"}],"curies":[{"name":"wp","href":"https:\/\/api.w.org\/{rel}","templated":true}]}}