{"id":11822,"date":"2024-09-24T11:11:38","date_gmt":"2024-09-24T16:11:38","guid":{"rendered":"https:\/\/geoflora.co\/canal-etico\/"},"modified":"2025-08-05T12:18:19","modified_gmt":"2025-08-05T17:18:19","slug":"canal-etico","status":"publish","type":"page","link":"https:\/\/geoflora.co\/es\/canal-etico\/","title":{"rendered":"Canal \u00c9tico"},"content":{"rendered":"<p>[et_pb_section fb_built=\u00bb1&#8243; use_custom_gutter=\u00bbon\u00bb specialty=\u00bbon\u00bb bg_img_2=\u00bbhttp:\/\/geoflora.co\/wp-content\/uploads\/2024\/09\/banner-ethical-line-Geoflora&#8211;scaled.jpg\u00bb padding_top_bottom_link_1=\u00bbtrue\u00bb padding_left_right_link_1=\u00bbfalse\u00bb use_background_color_gradient_2=\u00bboff\u00bb background_color_gradient_start_2=\u00bbrgba(0,0,0,0.64)\u00bb background_color_gradient_end_2=\u00bbrgba(51,51,51,0.08)\u00bb background_color_gradient_overlays_image_2=\u00bbon\u00bb padding_top_1=\u00bb3vw\u00bb padding_right_1=\u00bb4vw\u00bb padding_bottom_1=\u00bb3vw\u00bb padding_left_1=\u00bb8vw\u00bb padding_1_tablet=\u00bb|10%||10%||true\u00bb padding_1_phone=\u00bb\u00bb padding_1_last_edited=\u00bbon|tablet\u00bb admin_label=\u00bbHeader\u00bb _builder_version=\u00bb4.9.0&#8243; inner_width=\u00bb100%\u00bb inner_max_width=\u00bb100%\u00bb custom_padding=\u00bb0|0px|0px|0px|false|false\u00bb use_custom_width=\u00bbon\u00bb width_unit=\u00bboff\u00bb custom_width_percent=\u00bb100%\u00bb][et_pb_column type=\u00bb1_2&#8243; _builder_version=\u00bb3.25&#8243; custom_padding=\u00bb|||\u00bb padding_tablet=\u00bb|10%||10%||true\u00bb padding_last_edited=\u00bbon|tablet\u00bb custom_padding__hover=\u00bb|||\u00bb][et_pb_text _builder_version=\u00bb4.9.0&#8243; text_font=\u00bb||||||||\u00bb text_font_size=\u00bb18px\u00bb text_line_height=\u00bb2em\u00bb header_font=\u00bbCormorant Garamond|700|||||||\u00bb header_font_size=\u00bb60px\u00bb header_line_height=\u00bb1.2em\u00bb custom_margin=\u00bb|||\u00bb hover_enabled=\u00bb0&#8243; text_font_size_tablet=\u00bb\u00bb text_font_size_phone=\u00bb16px\u00bb text_font_size_last_edited=\u00bbon|phone\u00bb header_font_size_tablet=\u00bb50px\u00bb header_font_size_phone=\u00bb40px\u00bb header_font_size_last_edited=\u00bbon|phone\u00bb locked=\u00bboff\u00bb sticky_enabled=\u00bb0&#8243;]<\/p>\n<h1>L\u00ednea \u00c9tica<\/h1>\n<p>Si conoces o sospechas de alguna situaci\u00f3n que vaya en contra de nuestro C\u00f3digo de \u00c9tica, rep\u00f3rtalo.<\/p>\n<p>Recurre a los canales de denuncia adecuadamente, con integridad y respeto por las personas para que la situaci\u00f3n sea analizada.<\/p>\n<p><a href=\"mailto:lineaetica@gestion.geoflora.co\" target=\"_blank\" rel=\"noopener noreferrer\"><span style=\"color: #4783aa;\">lineaetica@gestion.geoflora.co<\/span><\/a><\/p>\n<p>&nbsp;<\/p>\n<p>[\/et_pb_text][\/et_pb_column][et_pb_column type=\u00bb1_2&#8243; specialty_columns=\u00bb2&#8243; _builder_version=\u00bb3.25&#8243; use_background_color_gradient=\u00bbon\u00bb background_color_gradient_start=\u00bbrgba(29,38,0,0.8)\u00bb background_color_gradient_end=\u00bbrgba(29,38,0,0.6)\u00bb background_color_gradient_overlays_image=\u00bbon\u00bb custom_padding=\u00bb|||\u00bb custom_padding__hover=\u00bb|||\u00bb][et_pb_row_inner column_structure=\u00bb1_2,1_2&#8243; use_custom_gutter=\u00bbon\u00bb gutter_width=\u00bb1&#8243; _builder_version=\u00bb4.9.0&#8243; custom_padding=\u00bb0|0px|0|0px|false|false\u00bb][et_pb_column_inner type=\u00bb1_2&#8243; saved_specialty_column_type=\u00bb1_2&#8243; _builder_version=\u00bb3.25&#8243; custom_padding=\u00bb|||\u00bb custom_padding__hover=\u00bb|||\u00bb][\/et_pb_column_inner][et_pb_column_inner type=\u00bb1_2&#8243; saved_specialty_column_type=\u00bb1_2&#8243; _builder_version=\u00bb3.25&#8243; custom_padding=\u00bb|||\u00bb custom_padding__hover=\u00bb|||\u00bb][et_pb_image src=\u00bbhttp:\/\/geoflora.co\/wp-content\/uploads\/2024\/09\/gardener-02.png\u00bb force_fullwidth=\u00bbon\u00bb disabled_on=\u00bbon|on|off\u00bb _builder_version=\u00bb3.23&#8243; custom_margin=\u00bb0px|||\u00bb custom_margin_tablet=\u00bb\u00bb custom_margin_phone=\u00bb-80px|||\u00bb custom_margin_last_edited=\u00bbon|tablet\u00bb animation_style=\u00bbfade\u00bb always_center_on_mobile=\u00bboff\u00bb][\/et_pb_image][\/et_pb_column_inner][\/et_pb_row_inner][\/et_pb_column][\/et_pb_section][et_pb_section fb_built=\u00bb1&#8243; admin_label=\u00bbServices\u00bb _builder_version=\u00bb4.9.0&#8243; background_image=\u00bbhttp:\/\/geoflora.co\/wp-content\/uploads\/2024\/09\/gardener-03.png\u00bb background_size=\u00bbinitial\u00bb background_position=\u00bbtop_left\u00bb custom_padding=\u00bb0px|0px|0|0px|false|false\u00bb][et_pb_row column_structure=\u00bb1_2,1_2&#8243; _builder_version=\u00bb3.25&#8243; max_width=\u00bb1218px\u00bb][et_pb_column type=\u00bb1_2&#8243; _builder_version=\u00bb3.25&#8243; custom_padding=\u00bb|||\u00bb custom_padding__hover=\u00bb|||\u00bb][et_pb_image _builder_version=\u00bb4.9.0&#8243; animation_style=\u00bbfade\u00bb always_center_on_mobile=\u00bboff\u00bb][\/et_pb_image][et_pb_cta title=\u00bbManual de SAGRILAFT\u00bb button_url=\u00bbhttp:\/\/geoflora.co\/wp-content\/uploads\/2024\/09\/Manual-SAGRILAFT-GEOFLORA.pdf\u00bb url_new_window=\u00bbon\u00bb button_text=\u00bbLearn More\u00bb _builder_version=\u00bb4.9.0&#8243; header_level=\u00bbh4&#8243; header_font=\u00bbCormorant Garamond|700|||||||\u00bb header_font_size=\u00bb25px\u00bb header_line_height=\u00bb1.5em\u00bb body_font=\u00bb||||||||\u00bb body_line_height=\u00bb2em\u00bb use_background_color=\u00bboff\u00bb custom_button=\u00bbon\u00bb button_text_size=\u00bb14px\u00bb button_text_color=\u00bb#f72e78&#8243; button_bg_color=\u00bbrgba(255,255,255,0)\u00bb button_border_width=\u00bb0px\u00bb button_letter_spacing=\u00bb2px\u00bb button_font=\u00bb|700||on|||||\u00bb button_icon=\u00bb%%3%%\u00bb text_orientation=\u00bbleft\u00bb background_layout=\u00bblight\u00bb custom_margin_tablet=\u00bb||70px|\u00bb custom_margin_phone=\u00bb||40px|\u00bb custom_margin_last_edited=\u00bbon|phone\u00bb button_letter_spacing_hover=\u00bb2px\u00bb button_text_size__hover_enabled=\u00bboff\u00bb button_one_text_size__hover_enabled=\u00bboff\u00bb button_two_text_size__hover_enabled=\u00bboff\u00bb button_text_color__hover_enabled=\u00bboff\u00bb button_one_text_color__hover_enabled=\u00bboff\u00bb button_two_text_color__hover_enabled=\u00bboff\u00bb button_border_width__hover_enabled=\u00bboff\u00bb button_one_border_width__hover_enabled=\u00bboff\u00bb button_two_border_width__hover_enabled=\u00bboff\u00bb button_border_color__hover_enabled=\u00bboff\u00bb button_one_border_color__hover_enabled=\u00bboff\u00bb button_two_border_color__hover_enabled=\u00bboff\u00bb button_border_radius__hover_enabled=\u00bboff\u00bb button_one_border_radius__hover_enabled=\u00bboff\u00bb button_two_border_radius__hover_enabled=\u00bboff\u00bb button_letter_spacing__hover_enabled=\u00bbon\u00bb button_letter_spacing__hover=\u00bb2px\u00bb button_one_letter_spacing__hover_enabled=\u00bboff\u00bb button_two_letter_spacing__hover_enabled=\u00bboff\u00bb button_bg_color__hover_enabled=\u00bboff\u00bb button_one_bg_color__hover_enabled=\u00bboff\u00bb button_two_bg_color__hover_enabled=\u00bboff\u00bb]<\/p>\n<p>Pol\u00edtica de divulgaci\u00f3n de informaci\u00f3n de SAGRILAFT<\/p>\n<p>[\/et_pb_cta][\/et_pb_column][et_pb_column type=\u00bb1_2&#8243; _builder_version=\u00bb3.25&#8243; custom_padding=\u00bb|||\u00bb custom_padding__hover=\u00bb|||\u00bb][et_pb_image _builder_version=\u00bb4.9.0&#8243; animation_style=\u00bbfade\u00bb always_center_on_mobile=\u00bboff\u00bb locked=\u00bboff\u00bb][\/et_pb_image][et_pb_cta title=\u00bbPrograma de Transparencia y \u00c9tica Empresarial &#8211; PTEE\u00bb button_url=\u00bbhttp:\/\/geoflora.co\/wp-content\/uploads\/2024\/09\/Programa-de-Transparencia-y-E\u0301tica-Empresarial-PTEE-GEOFLORA_.pdf\u00bb url_new_window=\u00bbon\u00bb button_text=\u00bbLearn More\u00bb _builder_version=\u00bb4.9.0&#8243; header_level=\u00bbh4&#8243; header_font=\u00bbCormorant Garamond|700|||||||\u00bb header_font_size=\u00bb25px\u00bb header_line_height=\u00bb1.5em\u00bb body_font=\u00bb||||||||\u00bb body_line_height=\u00bb2em\u00bb use_background_color=\u00bboff\u00bb custom_button=\u00bbon\u00bb button_text_size=\u00bb14px\u00bb button_text_color=\u00bb#f72e78&#8243; button_bg_color=\u00bbrgba(255,255,255,0)\u00bb button_border_width=\u00bb0px\u00bb button_letter_spacing=\u00bb2px\u00bb button_font=\u00bb|700||on|||||\u00bb button_icon=\u00bb%%3%%\u00bb text_orientation=\u00bbleft\u00bb background_layout=\u00bblight\u00bb custom_margin_tablet=\u00bb||70px|\u00bb custom_margin_phone=\u00bb||40px|\u00bb custom_margin_last_edited=\u00bbon|phone\u00bb button_letter_spacing_hover=\u00bb2px\u00bb locked=\u00bboff\u00bb button_text_size__hover_enabled=\u00bboff\u00bb button_one_text_size__hover_enabled=\u00bboff\u00bb button_two_text_size__hover_enabled=\u00bboff\u00bb button_text_color__hover_enabled=\u00bboff\u00bb button_one_text_color__hover_enabled=\u00bboff\u00bb button_two_text_color__hover_enabled=\u00bboff\u00bb button_border_width__hover_enabled=\u00bboff\u00bb button_one_border_width__hover_enabled=\u00bboff\u00bb button_two_border_width__hover_enabled=\u00bboff\u00bb button_border_color__hover_enabled=\u00bboff\u00bb button_one_border_color__hover_enabled=\u00bboff\u00bb button_two_border_color__hover_enabled=\u00bboff\u00bb button_border_radius__hover_enabled=\u00bboff\u00bb button_one_border_radius__hover_enabled=\u00bboff\u00bb button_two_border_radius__hover_enabled=\u00bboff\u00bb button_letter_spacing__hover_enabled=\u00bbon\u00bb button_letter_spacing__hover=\u00bb2px\u00bb button_one_letter_spacing__hover_enabled=\u00bboff\u00bb button_two_letter_spacing__hover_enabled=\u00bboff\u00bb button_bg_color__hover_enabled=\u00bboff\u00bb button_one_bg_color__hover_enabled=\u00bboff\u00bb button_two_bg_color__hover_enabled=\u00bboff\u00bb][\/et_pb_cta][\/et_pb_column][\/et_pb_row][\/et_pb_section][et_pb_section fb_built=\u00bb1&#8243; admin_label=\u00bbServices\u00bb _builder_version=\u00bb4.9.0&#8243; use_background_color_gradient=\u00bbon\u00bb background_color_gradient_start=\u00bb#000000&#8243; background_color_gradient_end=\u00bbrgba(23,23,23,0.37)\u00bb background_image=\u00bbhttp:\/\/geoflora.co\/wp-content\/uploads\/2023\/08\/CULTIVOS-2-GEOFLORA.jpg\u00bb parallax=\u00bbon\u00bb custom_padding=\u00bb0px|0px|0|0px|false|false\u00bb][\/et_pb_section]<\/p>\n","protected":false},"excerpt":{"rendered":"<p>[et_pb_section fb_built=\u00bb1&#8243; use_custom_gutter=\u00bbon\u00bb specialty=\u00bbon\u00bb bg_img_2=\u00bbhttp:\/\/geoflora.co\/wp-content\/uploads\/2024\/09\/banner-ethical-line-Geoflora&#8211;scaled.jpg\u00bb padding_top_bottom_link_1=\u00bbtrue\u00bb padding_left_right_link_1=\u00bbfalse\u00bb use_background_color_gradient_2=\u00bboff\u00bb background_color_gradient_start_2=\u00bbrgba(0,0,0,0.64)\u00bb background_color_gradient_end_2=\u00bbrgba(51,51,51,0.08)\u00bb background_color_gradient_overlays_image_2=\u00bbon\u00bb padding_top_1=\u00bb3vw\u00bb padding_right_1=\u00bb4vw\u00bb padding_bottom_1=\u00bb3vw\u00bb padding_left_1=\u00bb8vw\u00bb padding_1_tablet=\u00bb|10%||10%||true\u00bb padding_1_phone=\u00bb\u00bb padding_1_last_edited=\u00bbon|tablet\u00bb admin_label=\u00bbHeader\u00bb _builder_version=\u00bb4.9.0&#8243; inner_width=\u00bb100%\u00bb inner_max_width=\u00bb100%\u00bb custom_padding=\u00bb0|0px|0px|0px|false|false\u00bb use_custom_width=\u00bbon\u00bb width_unit=\u00bboff\u00bb custom_width_percent=\u00bb100%\u00bb][et_pb_column type=\u00bb1_2&#8243; _builder_version=\u00bb3.25&#8243; custom_padding=\u00bb|||\u00bb padding_tablet=\u00bb|10%||10%||true\u00bb padding_last_edited=\u00bbon|tablet\u00bb custom_padding__hover=\u00bb|||\u00bb][et_pb_text _builder_version=\u00bb4.9.0&#8243; text_font=\u00bb||||||||\u00bb text_font_size=\u00bb18px\u00bb text_line_height=\u00bb2em\u00bb header_font=\u00bbCormorant Garamond|700|||||||\u00bb header_font_size=\u00bb60px\u00bb header_line_height=\u00bb1.2em\u00bb custom_margin=\u00bb|||\u00bb hover_enabled=\u00bb0&#8243; text_font_size_tablet=\u00bb\u00bb text_font_size_phone=\u00bb16px\u00bb text_font_size_last_edited=\u00bbon|phone\u00bb header_font_size_tablet=\u00bb50px\u00bb header_font_size_phone=\u00bb40px\u00bb header_font_size_last_edited=\u00bbon|phone\u00bb locked=\u00bboff\u00bb sticky_enabled=\u00bb0&#8243;] L\u00ednea \u00c9tica Si conoces o [&hellip;]<\/p>\n","protected":false},"author":6,"featured_media":0,"parent":0,"menu_order":0,"comment_status":"closed","ping_status":"closed","template":"","meta":{"_et_pb_use_builder":"on","_et_pb_old_content":"","_et_gb_content_width":"","footnotes":""},"class_list":["post-11822","page","type-page","status-publish","hentry"],"yoast_head":"<!-- This site is optimized with the Yoast SEO plugin v25.8 - https:\/\/yoast.com\/wordpress\/plugins\/seo\/ -->\n<title>\u00c9tica floral | El compromiso medioambiental y social de Geoflora<\/title>\n<meta name=\"description\" content=\"Geoflora promueve la \u00e9tica, la innovaci\u00f3n y la responsabilidad social y medioambiental. Conozca nuestro Canal \u00c9tico\" \/>\n<meta name=\"robots\" content=\"index, follow, max-snippet:-1, max-image-preview:large, max-video-preview:-1\" \/>\n<link rel=\"canonical\" href=\"https:\/\/geoflora.co\/es\/canal-etico\/\" \/>\n<meta property=\"og:locale\" content=\"es_ES\" \/>\n<meta property=\"og:type\" content=\"article\" \/>\n<meta property=\"og:title\" content=\"\u00c9tica floral | El compromiso medioambiental y social de Geoflora\" \/>\n<meta property=\"og:description\" content=\"Geoflora promueve la \u00e9tica, la innovaci\u00f3n y la responsabilidad social y medioambiental. Conozca nuestro Canal \u00c9tico\" \/>\n<meta property=\"og:url\" content=\"https:\/\/geoflora.co\/es\/canal-etico\/\" \/>\n<meta property=\"og:site_name\" content=\"Geoflora\" \/>\n<meta property=\"article:publisher\" content=\"https:\/\/www.facebook.com\/geofloracolombi\" \/>\n<meta property=\"article:modified_time\" content=\"2025-08-05T17:18:19+00:00\" \/>\n<meta property=\"og:image\" content=\"https:\/\/geoflora.co\/wp-content\/uploads\/2022\/09\/portada-video-geof-nueva.jpg\" \/>\n\t<meta property=\"og:image:width\" content=\"1080\" \/>\n\t<meta property=\"og:image:height\" content=\"610\" \/>\n\t<meta property=\"og:image:type\" content=\"image\/jpeg\" \/>\n<meta name=\"twitter:card\" content=\"summary_large_image\" \/>\n<meta name=\"twitter:label1\" content=\"Tiempo de lectura\" \/>\n\t<meta name=\"twitter:data1\" content=\"5 minutos\" \/>\n<script type=\"application\/ld+json\" class=\"yoast-schema-graph\">{\"@context\":\"https:\/\/schema.org\",\"@graph\":[{\"@type\":\"WebPage\",\"@id\":\"https:\/\/geoflora.co\/es\/canal-etico\/\",\"url\":\"https:\/\/geoflora.co\/es\/canal-etico\/\",\"name\":\"\u00c9tica floral | El compromiso medioambiental y social de Geoflora\",\"isPartOf\":{\"@id\":\"https:\/\/geoflora.co\/#website\"},\"datePublished\":\"2024-09-24T16:11:38+00:00\",\"dateModified\":\"2025-08-05T17:18:19+00:00\",\"description\":\"Geoflora promueve la \u00e9tica, la innovaci\u00f3n y la responsabilidad social y medioambiental. Conozca nuestro Canal \u00c9tico\",\"breadcrumb\":{\"@id\":\"https:\/\/geoflora.co\/es\/canal-etico\/#breadcrumb\"},\"inLanguage\":\"es\",\"potentialAction\":[{\"@type\":\"ReadAction\",\"target\":[\"https:\/\/geoflora.co\/es\/canal-etico\/\"]}]},{\"@type\":\"BreadcrumbList\",\"@id\":\"https:\/\/geoflora.co\/es\/canal-etico\/#breadcrumb\",\"itemListElement\":[{\"@type\":\"ListItem\",\"position\":1,\"name\":\"Home\",\"item\":\"https:\/\/geoflora.co\/\"},{\"@type\":\"ListItem\",\"position\":2,\"name\":\"Canal \u00c9tico\"}]},{\"@type\":\"WebSite\",\"@id\":\"https:\/\/geoflora.co\/#website\",\"url\":\"https:\/\/geoflora.co\/\",\"name\":\"geoflora.co\",\"description\":\"Colombian growers and exporters of cut flowers\",\"publisher\":{\"@id\":\"https:\/\/geoflora.co\/#organization\"},\"alternateName\":\"Geoflora\",\"potentialAction\":[{\"@type\":\"SearchAction\",\"target\":{\"@type\":\"EntryPoint\",\"urlTemplate\":\"https:\/\/geoflora.co\/?s={search_term_string}\"},\"query-input\":{\"@type\":\"PropertyValueSpecification\",\"valueRequired\":true,\"valueName\":\"search_term_string\"}}],\"inLanguage\":\"es\"},{\"@type\":\"Organization\",\"@id\":\"https:\/\/geoflora.co\/#organization\",\"name\":\"Geoflora S.A.S\",\"alternateName\":\"Geoflora\",\"url\":\"https:\/\/geoflora.co\/\",\"logo\":{\"@type\":\"ImageObject\",\"inLanguage\":\"es\",\"@id\":\"https:\/\/geoflora.co\/#\/schema\/logo\/image\/\",\"url\":\"https:\/\/geoflora.co\/wp-content\/uploads\/2025\/06\/LOGO-GEOFLORA-150.png\",\"contentUrl\":\"https:\/\/geoflora.co\/wp-content\/uploads\/2025\/06\/LOGO-GEOFLORA-150.png\",\"width\":151,\"height\":150,\"caption\":\"Geoflora S.A.S\"},\"image\":{\"@id\":\"https:\/\/geoflora.co\/#\/schema\/logo\/image\/\"},\"sameAs\":[\"https:\/\/www.facebook.com\/geofloracolombi\",\"https:\/\/www.instagram.com\/geofloracolombia\/\",\"https:\/\/www.linkedin.com\/company\/geofloracolombia\/\",\"https:\/\/www.youtube.com\/@geoflora4070\"]}]}<\/script>\n<!-- \/ Yoast SEO plugin. -->","yoast_head_json":{"title":"\u00c9tica floral | El compromiso medioambiental y social de Geoflora","description":"Geoflora promueve la \u00e9tica, la innovaci\u00f3n y la responsabilidad social y medioambiental. Conozca nuestro Canal \u00c9tico","robots":{"index":"index","follow":"follow","max-snippet":"max-snippet:-1","max-image-preview":"max-image-preview:large","max-video-preview":"max-video-preview:-1"},"canonical":"https:\/\/geoflora.co\/es\/canal-etico\/","og_locale":"es_ES","og_type":"article","og_title":"\u00c9tica floral | El compromiso medioambiental y social de Geoflora","og_description":"Geoflora promueve la \u00e9tica, la innovaci\u00f3n y la responsabilidad social y medioambiental. Conozca nuestro Canal \u00c9tico","og_url":"https:\/\/geoflora.co\/es\/canal-etico\/","og_site_name":"Geoflora","article_publisher":"https:\/\/www.facebook.com\/geofloracolombi","article_modified_time":"2025-08-05T17:18:19+00:00","og_image":[{"width":1080,"height":610,"url":"https:\/\/geoflora.co\/wp-content\/uploads\/2022\/09\/portada-video-geof-nueva.jpg","type":"image\/jpeg"}],"twitter_card":"summary_large_image","twitter_misc":{"Tiempo de lectura":"5 minutos"},"schema":{"@context":"https:\/\/schema.org","@graph":[{"@type":"WebPage","@id":"https:\/\/geoflora.co\/es\/canal-etico\/","url":"https:\/\/geoflora.co\/es\/canal-etico\/","name":"\u00c9tica floral | El compromiso medioambiental y social de Geoflora","isPartOf":{"@id":"https:\/\/geoflora.co\/#website"},"datePublished":"2024-09-24T16:11:38+00:00","dateModified":"2025-08-05T17:18:19+00:00","description":"Geoflora promueve la \u00e9tica, la innovaci\u00f3n y la responsabilidad social y medioambiental. Conozca nuestro Canal \u00c9tico","breadcrumb":{"@id":"https:\/\/geoflora.co\/es\/canal-etico\/#breadcrumb"},"inLanguage":"es","potentialAction":[{"@type":"ReadAction","target":["https:\/\/geoflora.co\/es\/canal-etico\/"]}]},{"@type":"BreadcrumbList","@id":"https:\/\/geoflora.co\/es\/canal-etico\/#breadcrumb","itemListElement":[{"@type":"ListItem","position":1,"name":"Home","item":"https:\/\/geoflora.co\/"},{"@type":"ListItem","position":2,"name":"Canal \u00c9tico"}]},{"@type":"WebSite","@id":"https:\/\/geoflora.co\/#website","url":"https:\/\/geoflora.co\/","name":"geoflora.co","description":"Colombian growers and exporters of cut flowers","publisher":{"@id":"https:\/\/geoflora.co\/#organization"},"alternateName":"Geoflora","potentialAction":[{"@type":"SearchAction","target":{"@type":"EntryPoint","urlTemplate":"https:\/\/geoflora.co\/?s={search_term_string}"},"query-input":{"@type":"PropertyValueSpecification","valueRequired":true,"valueName":"search_term_string"}}],"inLanguage":"es"},{"@type":"Organization","@id":"https:\/\/geoflora.co\/#organization","name":"Geoflora S.A.S","alternateName":"Geoflora","url":"https:\/\/geoflora.co\/","logo":{"@type":"ImageObject","inLanguage":"es","@id":"https:\/\/geoflora.co\/#\/schema\/logo\/image\/","url":"https:\/\/geoflora.co\/wp-content\/uploads\/2025\/06\/LOGO-GEOFLORA-150.png","contentUrl":"https:\/\/geoflora.co\/wp-content\/uploads\/2025\/06\/LOGO-GEOFLORA-150.png","width":151,"height":150,"caption":"Geoflora S.A.S"},"image":{"@id":"https:\/\/geoflora.co\/#\/schema\/logo\/image\/"},"sameAs":["https:\/\/www.facebook.com\/geofloracolombi","https:\/\/www.instagram.com\/geofloracolombia\/","https:\/\/www.linkedin.com\/company\/geofloracolombia\/","https:\/\/www.youtube.com\/@geoflora4070"]}]}},"_links":{"self":[{"href":"https:\/\/geoflora.co\/es\/wp-json\/wp\/v2\/pages\/11822","targetHints":{"allow":["GET"]}}],"collection":[{"href":"https:\/\/geoflora.co\/es\/wp-json\/wp\/v2\/pages"}],"about":[{"href":"https:\/\/geoflora.co\/es\/wp-json\/wp\/v2\/types\/page"}],"author":[{"embeddable":true,"href":"https:\/\/geoflora.co\/es\/wp-json\/wp\/v2\/users\/6"}],"replies":[{"embeddable":true,"href":"https:\/\/geoflora.co\/es\/wp-json\/wp\/v2\/comments?post=11822"}],"version-history":[{"count":3,"href":"https:\/\/geoflora.co\/es\/wp-json\/wp\/v2\/pages\/11822\/revisions"}],"predecessor-version":[{"id":13165,"href":"https:\/\/geoflora.co\/es\/wp-json\/wp\/v2\/pages\/11822\/revisions\/13165"}],"wp:attachment":[{"href":"https:\/\/geoflora.co\/es\/wp-json\/wp\/v2\/media?parent=11822"}],"curies":[{"name":"wp","href":"https:\/\/api.w.org\/{rel}","templated":true}]}}